{"id":12,"date":"2021-01-21T10:13:34","date_gmt":"2021-01-21T10:13:34","guid":{"rendered":"https:\/\/ahoj.grenzgaenge.net\/?page_id=12"},"modified":"2022-10-08T09:06:11","modified_gmt":"2022-10-08T09:06:11","slug":"impressum","status":"publish","type":"page","link":"https:\/\/ahoj.grenzgaenge.net\/cs\/impressum\/","title":{"rendered":"Impressum"},"content":{"rendered":"<div class=\"wp-block-getwid-section alignfull alignfull\"><div class=\"wp-block-getwid-section__wrapper\"><div class=\"wp-block-getwid-section__inner-wrapper\"><div class=\"wp-block-getwid-section__background-holder\"><div class=\"wp-block-getwid-section__background\"><\/div><div class=\"wp-block-getwid-section__foreground\"><\/div><\/div><div class=\"wp-block-getwid-section__content\"><div class=\"wp-block-getwid-section__inner-content\">\n<p>Angaben gem\u00e4\u00df \u00a7 5 TMG<br><br><strong>grenzg\u00e4nge | bildung im stadtraum e.V.<\/strong><\/p>\n\n\n\n<p><\/p>\n\n\n\n<p><strong>B\u00fcro Berlin<\/strong><\/p>\n\n\n\n<p>Am Sudhaus 2 <br>12053 Berlin<\/p>\n\n\n\n<p>Telefon: +49 30\/98396704 oder -05<\/p>\n\n\n\n<p><em>Wir befinden uns vielfach im Homeoffice und sind via Mail erreichbar. Gerne rufen wir Sie zur\u00fcck.<\/em><\/p>\n\n\n\n<p><a href=\"mailto:mail@grenzgaenger-berlin.de\">mail@grenzgaenger-berlin.de<\/a><br><a href=\"http:\/\/www.grenzgaenger-hamburg.de\/\">www.grenzgaenger-berlin.de<\/a><\/p>\n\n\n\n<p><strong>B\u00fcro Hamburg<\/strong><\/p>\n\n\n\n<p>Ansprechpartner: Philipp Uhlig grenzg\u00e4nge | hamburg <br>\u2105\u00a0Stadtver\u00e4nderer <br>Hammer Steindamm 61<br>20535 Hamburg<\/p>\n\n\n\n<p>Telefon: +49 040\/32530165<\/p>\n\n\n\n<p><a href=\"mailto:info@grenzgaenger-hamburg.de\">info@grenzgaenger-hamburg.de<\/a><br><a href=\"http:\/\/www.grenzgaenger-hamburg.de\/\">www.grenzgaenger-hamburg.de<\/a><\/p>\n\n\n\n<p><strong>B\u00fcro Kiel<\/strong><\/p>\n\n\n\n<p>grenzg\u00e4nge | kiel <br>\u2105 Alte Mu Impuls-Werk e.V.<br>Lorentzendamm 6-8<br>24103 Kiel<\/p>\n\n\n\n<p><a href=\"mailto:info@grenzgaenger-kiel.de\">info@grenzgaenger-kiel.de<\/a><br><a href=\"http:\/\/www.grenzgaenger-kiel.de\/\">www.grenzgaenger-kiel.de<\/a><\/p>\n\n\n\n<p><em>Wir sind oft im Stadtraum unterwegs. Schreib uns deshalb gerne eine Mail, wenn du uns telefonisch mal nicht erreichen kannst.<\/em><\/p>\n\n\n\n<p><strong>Realisierung der Webseite<\/strong><\/p>\n\n\n\n<p>Svenja Suhre<br>J.-B.-Siegfriedstr. 7B<br>65239 Hochheim<\/p>\n\n\n\n<p><a href=\"mailto:svenja@coaching-suhre.de\" data-type=\"mailto\" data-id=\"mailto:svenja@coaching-suhre.de\">svenja@coaching-suhre.de<\/a><\/p>\n\n\n\n<h1 class=\"wp-block-heading\">Ausfallregelung<\/h1>\n\n\n\n<p>Ausf\u00e4lle von Veranstaltungen durch h\u00f6here Gewalt, Krankheit oder \u00c4hnlichem f\u00fchren nicht zu Schadenersatz durch uns noch durch unsere Partner mit denen wir im Rahmen der Durchf\u00fchrung zusammen arbeiten. Ein Ausfall von Teilen einer Veranstaltung, der nicht durch uns zu verantworten ist, f\u00fchrt zu keinerlei Anspruch auf Erstattung bereits geleisteter Zahlungen.<\/p>\n\n\n\n<h1 class=\"wp-block-heading\">Haftungsausschluss<\/h1>\n\n\n\n<p><strong>Haftung f\u00fcr Inhalte<\/strong><\/p>\n\n\n\n<p>Die Inhalte unserer Seiten wurden mit gr\u00f6\u00dfter Sorgfalt erstellt. F\u00fcr die Richtigkeit, Vollst\u00e4ndigkeit und Aktualit\u00e4t der Inhalte k\u00f6nnen wir jedoch keine Gew\u00e4hr \u00fcbernehmen. Als Diensteanbieter sind wir gem\u00e4\u00df \u00a7 7 Abs.1 TMG f\u00fcr eigene Inhalte auf diesen Seiten nach den allgemeinen Gesetzen verantwortlich. Nach \u00a7\u00a7 8 bis 10 TMG sind wir als Diensteanbieter jedoch nicht verpflichtet, \u00fcbermittelte oder gespeicherte fremde Informationen zu \u00fcberwachen oder nach Umst\u00e4nden zu forschen, die auf eine rechtswidrige T\u00e4tigkeit hinweisen. Verpflichtungen zur Entfernung oder Sperrung der Nutzung von Informationen nach den allgemeinen Gesetzen bleiben hiervon unber\u00fchrt. Eine diesbez\u00fcgliche Haftung ist jedoch erst ab dem Zeitpunkt der Kenntnis einer konkreten Rechtsverletzung m\u00f6glich. Bei Bekanntwerden von entsprechenden Rechtsverletzungen werden wir diese Inhalte umgehend entfernen.<br><br><strong>Haftung f\u00fcr Links<\/strong><\/p>\n\n\n\n<p>Unser Angebot enth\u00e4lt Links zu externen Webseiten Dritter, auf deren Inhalte wir keinen Einfluss haben. Deshalb k\u00f6nnen wir f\u00fcr diese fremden Inhalte auch keine Gew\u00e4hr \u00fcbernehmen. F\u00fcr die Inhalte der verlinkten Seiten ist stets der jeweilige Anbieter oder Betreiber der Seiten verantwortlich. Die verlinkten Seiten wurden zum Zeitpunkt der Verlinkung auf m\u00f6gliche Rechtsverst\u00f6\u00dfe \u00fcberpr\u00fcft. Rechtswidrige Inhalte waren zum Zeitpunkt der Verlinkung nicht erkennbar. Eine permanente inhaltliche Kontrolle der verlinkten Seiten ist jedoch ohne konkrete Anhaltspunkte einer Rechtsverletzung nicht zumutbar. Bei Bekanntwerden von Rechtsverletzungen werden wir derartige Links umgehend entfernen.<br><br><strong>Urheberrecht<\/strong><\/p>\n\n\n\n<p>Die durch die Seitenbetreiber erstellten bzw. verwendeten Inhalte und Werke auf diesen Seiten unterliegen dem deutschen Urheberrecht. Die Vervielf\u00e4ltigung, Bearbeitung, Verbreitung und jede Art der Verwertung au\u00dferhalb der Grenzen des Urheberrechtes bed\u00fcrfen der Zustimmung des jeweiligen Autors bzw. Erstellers. Downloads und Kopien dieser Seite sind nur f\u00fcr den privaten, nicht kommerziellen Gebrauch gestattet. Soweit die Inhalte auf dieser Seite nicht vom Betreiber erstellt wurden, werden die Urheberrechte Dritter beachtet. Insbesondere werden Inhalte Dritter als solche gekennzeichnet. Sollten Sie trotzdem auf eine Urheberrechtsverletzung aufmerksam werden, bitten wir um einen entsprechenden Hinweis. Bei Bekanntwerden von Rechtsverletzungen werden wir derartige Inhalte umgehend entfernen.<\/p>\n<\/div><\/div><\/div><\/div><\/div>","protected":false},"excerpt":{"rendered":"Angaben gem\u00e4\u00df \u00a7 5 TMGgrenzg\u00e4nge | bildung im stadtraum e.V. B\u00fcro Berlin Am Sudhaus 2 12053 Berlin Telefon: +49 30\/98396704 oder -05 Wir befinden uns vielfach im Homeoffice und sind...","protected":false},"author":2,"featured_media":0,"parent":0,"menu_order":0,"comment_status":"closed","ping_status":"closed","template":"","meta":{"footnotes":""},"_links":{"self":[{"href":"https:\/\/ahoj.grenzgaenge.net\/cs\/wp-json\/wp\/v2\/pages\/12"}],"collection":[{"href":"https:\/\/ahoj.grenzgaenge.net\/cs\/wp-json\/wp\/v2\/pages"}],"about":[{"href":"https:\/\/ahoj.grenzgaenge.net\/cs\/wp-json\/wp\/v2\/types\/page"}],"author":[{"embeddable":true,"href":"https:\/\/ahoj.grenzgaenge.net\/cs\/wp-json\/wp\/v2\/users\/2"}],"replies":[{"embeddable":true,"href":"https:\/\/ahoj.grenzgaenge.net\/cs\/wp-json\/wp\/v2\/comments?post=12"}],"version-history":[{"count":4,"href":"https:\/\/ahoj.grenzgaenge.net\/cs\/wp-json\/wp\/v2\/pages\/12\/revisions"}],"predecessor-version":[{"id":784,"href":"https:\/\/ahoj.grenzgaenge.net\/cs\/wp-json\/wp\/v2\/pages\/12\/revisions\/784"}],"wp:attachment":[{"href":"https:\/\/ahoj.grenzgaenge.net\/cs\/wp-json\/wp\/v2\/media?parent=12"}],"curies":[{"name":"wp","href":"https:\/\/api.w.org\/{rel}","templated":true}]}}